{"id":1457,"date":"2025-07-03T21:08:56","date_gmt":"2025-07-03T21:08:56","guid":{"rendered":"https:\/\/carstensprung.de\/?page_id=1457"},"modified":"2025-08-01T07:54:36","modified_gmt":"2025-08-01T07:54:36","slug":"nordkirchen-ist-auf-dem-sprung","status":"publish","type":"page","link":"https:\/\/carstensprung.de\/?page_id=1457","title":{"rendered":"Nordkirchen ist auf dem Sprung"},"content":{"rendered":"<div data-colibri-id=\"1457-c1\" class=\"style-585 style-local-1457-c1 position-relative\">\n  <!---->\n  <div data-colibri-component=\"section\" data-colibri-id=\"1457-c2\" id=\"custom\" class=\"h-section h-section-global-spacing d-flex align-items-lg-center align-items-md-center align-items-center style-586 style-local-1457-c2 position-relative\">\n    <!---->\n    <!---->\n    <div class=\"h-section-grid-container h-section-boxed-container\">\n      <!---->\n      <div data-colibri-id=\"1457-c3\" class=\"h-row-container gutters-row-lg-2 gutters-row-md-2 gutters-row-0 gutters-row-v-lg-2 gutters-row-v-md-2 gutters-row-v-2 style-600 style-local-1457-c3 position-relative\">\n        <!---->\n        <div class=\"h-row justify-content-lg-center justify-content-md-center justify-content-center align-items-lg-stretch align-items-md-stretch align-items-stretch gutters-col-lg-2 gutters-col-md-2 gutters-col-0 gutters-col-v-lg-2 gutters-col-v-md-2 gutters-col-v-2\">\n          <!---->\n          <div class=\"h-column h-column-container d-flex h-col-lg-auto h-col-md-auto h-col-auto style-601-outer style-local-1457-c4-outer\">\n            <div data-colibri-id=\"1457-c4\" class=\"d-flex h-flex-basis h-column__inner h-px-lg-2 h-px-md-2 h-px-2 v-inner-lg-2 v-inner-md-2 v-inner-2 style-601 style-local-1457-c4 position-relative\">\n              <!---->\n              <!---->\n              <div class=\"w-100 h-y-container h-column__content h-column__v-align flex-basis-100 align-self-lg-start align-self-md-start align-self-start\">\n                <!---->\n                <div data-colibri-id=\"1457-c5\" class=\"h-text h-text-component style-602 style-local-1457-c5 position-relative h-element\">\n                  <!---->\n                  <!---->\n                  <div class=\"\">\n                    <p><span style=\"font-size: 90%;\">(Da die Videos zur Kolumne &#8222;Nordkirchen ist auf dem Sprung&#8220; beim ersten Aufruf geladen werden, kann es je nach Internetverbindung einen kleinen Moment dauern, bis sie aufgerufen werden k\u00f6nnen. Danke f\u00fcr Ihre Geduld!)<\/span><\/p>\n                  <\/div>\n                <\/div>\n              <\/div>\n            <\/div>\n          <\/div>\n        <\/div>\n      <\/div>\n      <div data-colibri-id=\"1457-c6\" class=\"h-row-container gutters-row-lg-2 gutters-row-md-2 gutters-row-0 gutters-row-v-lg-2 gutters-row-v-md-2 gutters-row-v-2 style-587 style-local-1457-c6 position-relative\">\n        <!---->\n        <div class=\"h-row justify-content-lg-center justify-content-md-center justify-content-center align-items-lg-stretch align-items-md-stretch align-items-stretch gutters-col-lg-2 gutters-col-md-2 gutters-col-0 gutters-col-v-lg-2 gutters-col-v-md-2 gutters-col-v-2\">\n          <!---->\n          <div class=\"h-column h-column-container d-flex h-col-lg-auto h-col-md-auto h-col-auto style-588-outer style-local-1457-c7-outer\">\n            <div data-colibri-id=\"1457-c7\" class=\"d-flex h-flex-basis h-column__inner h-px-lg-2 h-px-md-2 h-px-2 v-inner-lg-2 v-inner-md-2 v-inner-2 style-588 style-local-1457-c7 position-relative\">\n              <!---->\n              <!---->\n              <div class=\"w-100 h-y-container h-column__content h-column__v-align flex-basis-100 align-self-lg-start align-self-md-start align-self-start\">\n                <!---->\n                <div data-toggle=\"true\" data-is-preview=\"true\" data-colibri-component=\"accordion\" data-colibri-id=\"1457-c8\" class=\"h-accordion style-589 style-local-1457-c8 position-relative h-element\">\n                  <!---->\n                  <div data-colibri-id=\"1457-c9\" class=\"h-accordion-item h-accordion-item-first-child style-590 style-local-1457-c9 position-relative h-element\">\n                    <!---->\n                    <a data-open-by-default=\"true\" href=\"#1457-c9\" class=\"h-accordion-item-title d-flex align-items-center h-global-transition\">\n                      <!----><span>Folge 1 &#8211; Warum ich B\u00fcrgermeister werden will<\/span>\n                      <div class=\"h-accordion-item-title-normal-icon h-accordion-item-title-icon h-accordion-item-title-icon-right\"><span class=\"h-svg-icon\"><!--Icon by Icons8 Line Awesome (https:\/\/icons8.com\/line-awesome)--><svg version=\"1.1\" xmlns=\"http:\/\/www.w3.org\/2000\/svg\" xmlns:xlink=\"http:\/\/www.w3.org\/1999\/xlink\" id=\"plus\" viewBox=\"0 0 512 545.5\"><path d=\"M240 112h32v160h160v32H272v160h-32V304H80v-32h160V112z\"><\/path><\/svg><\/span><\/div>\n                      <div class=\"h-accordion-item-title-active-icon h-accordion-item-title-icon h-accordion-item-title-icon-right\"><span class=\"h-svg-icon\"><!--Icon by Icons8 Line Awesome (https:\/\/icons8.com\/line-awesome)--><svg version=\"1.1\" xmlns=\"http:\/\/www.w3.org\/2000\/svg\" xmlns:xlink=\"http:\/\/www.w3.org\/1999\/xlink\" id=\"minus\" viewBox=\"0 0 512 545.5\"><path d=\"M80 272h352v32H80v-32z\"><\/path><\/svg><\/span><\/div>\n                    <\/a>\n                    <div id=\"1457-c9\" class=\"h-accordion-item-content__container\">\n                      <div class=\"w-100 h-y-container h-accordion-item-content\">\n                        <!---->\n                        <div data-colibri-id=\"1457-c10\" class=\"h-text h-text-component style-591 style-local-1457-c10 position-relative h-element\">\n                          <!---->\n                          <!---->\n                          <div class=\"\">\n                            <p>&#8222;Nordkirchen ist auf dem Sprung!&#8220;<\/p>\n                            <p>Seit 20 Jahren arbeite ich f\u00fcr ein internationales Unternehmen, dass im Bereich der Mess- &amp; Automatisierungstechnik zu Hause ist.<\/p>\n                            <p>Warum m\u00f6chte ich diesen Job gegen das Amt des B\u00fcrgermeisters eintauschen?<\/p>\n                            <p>Und was ist mir wichtig?<\/p>\n                            <p>In meiner neuen Kolummne informiere ich regelm\u00e4\u00dfig \u00fcber meine Motivation, Perspektiven und Ziele.<\/p>\n                            <p>Viel Spa\u00df!<\/p>\n                          <\/div>\n                        <\/div>\n                        <div data-colibri-component=\"video\" data-colibri-id=\"1457-c11\" class=\"d-block h-video d-block h-video style-596 style-local-1457-c11 position-relative h-element\">\n                          <!---->\n                          <!---->\n                          <div class=\"video-container position-relative\">\n                            <div class=\"h-global-transition-all ratio-inner\"><video class='h-video-main' controls ><source src=https:\/\/carstensprung.de\/wp-content\/uploads\/2025\/07\/1-Nordkirchen-Buergermeister.mp4 type='video\/mp4' \/><\/video><\/div>\n                          <\/div>\n                        <\/div>\n                      <\/div>\n                    <\/div>\n                  <\/div>\n                  <div data-colibri-id=\"1457-c13\" class=\"h-accordion-item style-592 style-local-1457-c13 position-relative h-element\">\n                    <!---->\n                    <a data-open-by-default=\"false\" href=\"#1457-c13\" class=\"h-accordion-item-title d-flex align-items-center h-global-transition\">\n                      <!----><span>Folge 2 &#8211; F\u00fcr flexible Mobilit\u00e4t: Car-Sharing in Nordkirchen<\/span>\n                      <div class=\"h-accordion-item-title-normal-icon h-accordion-item-title-icon h-accordion-item-title-icon-right\"><span class=\"h-svg-icon\"><!--Icon by Icons8 Line Awesome (https:\/\/icons8.com\/line-awesome)--><svg version=\"1.1\" xmlns=\"http:\/\/www.w3.org\/2000\/svg\" xmlns:xlink=\"http:\/\/www.w3.org\/1999\/xlink\" id=\"plus\" viewBox=\"0 0 512 545.5\"><path d=\"M240 112h32v160h160v32H272v160h-32V304H80v-32h160V112z\"><\/path><\/svg><\/span><\/div>\n                      <div class=\"h-accordion-item-title-active-icon h-accordion-item-title-icon h-accordion-item-title-icon-right\"><span class=\"h-svg-icon\"><!--Icon by Icons8 Line Awesome (https:\/\/icons8.com\/line-awesome)--><svg version=\"1.1\" xmlns=\"http:\/\/www.w3.org\/2000\/svg\" xmlns:xlink=\"http:\/\/www.w3.org\/1999\/xlink\" id=\"minus\" viewBox=\"0 0 512 545.5\"><path d=\"M80 272h352v32H80v-32z\"><\/path><\/svg><\/span><\/div>\n                    <\/a>\n                    <div id=\"1457-c13\" class=\"h-accordion-item-content__container\">\n                      <div class=\"w-100 h-y-container h-accordion-item-content\">\n                        <!---->\n                        <div data-colibri-id=\"1457-c14\" class=\"h-text h-text-component style-593 style-local-1457-c14 position-relative h-element\">\n                          <!---->\n                          <!---->\n                          <div class=\"\">\n                            <p>Seit Ende 2023 gibt es ein vom Land NRW gef\u00f6rdertes Car-Sharing Pilotprojekt bei uns in der Gemeinde Nordkirchen.<\/p>\n                            <p>Gemeinsam mit dem SPD-Landtagsabgeordneten Andr\u00e9 Stinka setze ich mich daf\u00fcr, dass es nach dem Ablauf der Pilotphase Ende 2026 weitergeht mit dem Car-Sharing in der Gemeinde Nordkirchen.<\/p>\n                            <p>Mehr zu den Gr\u00fcnden in dieser Folge.<\/p>\n                          <\/div>\n                        <\/div>\n                        <div data-colibri-component=\"video\" data-colibri-id=\"1457-c15\" class=\"d-block h-video d-block h-video style-598 style-local-1457-c15 position-relative h-element\">\n                          <!---->\n                          <!---->\n                          <div class=\"video-container position-relative\">\n                            <div class=\"h-global-transition-all ratio-inner\"><video class='h-video-main' controls ><source src=https:\/\/carstensprung.de\/wp-content\/uploads\/2025\/07\/Car_Sharing.mp4 type='video\/mp4' \/><\/video><\/div>\n                          <\/div>\n                        <\/div>\n                      <\/div>\n                    <\/div>\n                  <\/div>\n                  <div data-colibri-id=\"1457-c17\" class=\"h-accordion-item style-603 style-local-1457-c17 position-relative h-element\">\n                    <!---->\n                    <a data-open-by-default=\"false\" href=\"#1457-c17\" class=\"h-accordion-item-title d-flex align-items-center h-global-transition\">\n                      <!----><span>Folge 3 &#8211; F\u00fcr eine Digitalisierung f\u00fcr alle<\/span>\n                      <div class=\"h-accordion-item-title-normal-icon h-accordion-item-title-icon h-accordion-item-title-icon-right\"><span class=\"h-svg-icon\"><!--Icon by Icons8 Line Awesome (https:\/\/icons8.com\/line-awesome)--><svg version=\"1.1\" xmlns=\"http:\/\/www.w3.org\/2000\/svg\" xmlns:xlink=\"http:\/\/www.w3.org\/1999\/xlink\" id=\"plus\" viewBox=\"0 0 512 545.5\"><path d=\"M240 112h32v160h160v32H272v160h-32V304H80v-32h160V112z\"><\/path><\/svg><\/span><\/div>\n                      <div class=\"h-accordion-item-title-active-icon h-accordion-item-title-icon h-accordion-item-title-icon-right\"><span class=\"h-svg-icon\"><!--Icon by Icons8 Line Awesome (https:\/\/icons8.com\/line-awesome)--><svg version=\"1.1\" xmlns=\"http:\/\/www.w3.org\/2000\/svg\" xmlns:xlink=\"http:\/\/www.w3.org\/1999\/xlink\" id=\"minus\" viewBox=\"0 0 512 545.5\"><path d=\"M80 272h352v32H80v-32z\"><\/path><\/svg><\/span><\/div>\n                    <\/a>\n                    <div id=\"1457-c17\" class=\"h-accordion-item-content__container\">\n                      <div class=\"w-100 h-y-container h-accordion-item-content\">\n                        <!---->\n                        <div data-colibri-id=\"1457-c18\" class=\"h-text h-text-component style-604 style-local-1457-c18 position-relative h-element\">\n                          <!---->\n                          <!---->\n                          <div class=\"\">\n                            <p>Die Digitalisierung bringt viele Vorteile &#8211; da sind wir uns sicher einig!<\/p>\n                            <p>Allerdings: Digitalisierung darf niemanden abh\u00e4ngen.<\/p>\n                            <p>Was das f\u00fcr mich bedeutet und welche Ideen die SPD und ich haben, dem zu begegnen, erkl\u00e4re ich in der neuen Folge.<\/p>\n                          <\/div>\n                        <\/div>\n                        <div data-colibri-component=\"video\" data-colibri-id=\"1457-c19\" class=\"d-block h-video d-block h-video style-605 style-local-1457-c19 position-relative h-element\">\n                          <!---->\n                          <!---->\n                          <div class=\"video-container position-relative\">\n                            <div class=\"h-global-transition-all ratio-inner\"><video class='h-video-main' controls ><source src=https:\/\/carstensprung.de\/wp-content\/uploads\/2025\/07\/3-Nordkirchen-Digitalisierung.mp4 type='video\/mp4' \/><\/video><\/div>\n                          <\/div>\n                        <\/div>\n                      <\/div>\n                    <\/div>\n                  <\/div>\n                  <div data-colibri-id=\"1457-c21\" class=\"h-accordion-item style-607 style-local-1457-c21 position-relative h-element\">\n                    <!---->\n                    <a data-open-by-default=\"false\" href=\"#1457-c21\" class=\"h-accordion-item-title d-flex align-items-center h-global-transition\">\n                      <!----><span>Folge 4 &#8211; F\u00fcr wohnortnahe Post-Services<\/span>\n                      <div class=\"h-accordion-item-title-normal-icon h-accordion-item-title-icon h-accordion-item-title-icon-right\"><span class=\"h-svg-icon\"><!--Icon by Icons8 Line Awesome (https:\/\/icons8.com\/line-awesome)--><svg version=\"1.1\" xmlns=\"http:\/\/www.w3.org\/2000\/svg\" xmlns:xlink=\"http:\/\/www.w3.org\/1999\/xlink\" id=\"plus\" viewBox=\"0 0 512 545.5\"><path d=\"M240 112h32v160h160v32H272v160h-32V304H80v-32h160V112z\"><\/path><\/svg><\/span><\/div>\n                      <div class=\"h-accordion-item-title-active-icon h-accordion-item-title-icon h-accordion-item-title-icon-right\"><span class=\"h-svg-icon\"><!--Icon by Icons8 Line Awesome (https:\/\/icons8.com\/line-awesome)--><svg version=\"1.1\" xmlns=\"http:\/\/www.w3.org\/2000\/svg\" xmlns:xlink=\"http:\/\/www.w3.org\/1999\/xlink\" id=\"minus\" viewBox=\"0 0 512 545.5\"><path d=\"M80 272h352v32H80v-32z\"><\/path><\/svg><\/span><\/div>\n                    <\/a>\n                    <div id=\"1457-c21\" class=\"h-accordion-item-content__container\">\n                      <div class=\"w-100 h-y-container h-accordion-item-content\">\n                        <!---->\n                        <div data-colibri-id=\"1457-c22\" class=\"h-text h-text-component style-608 style-local-1457-c22 position-relative h-element\">\n                          <!---->\n                          <!---->\n                          <div class=\"\">\n                            <p>Vielleicht bin ich da ein wenig altmodisch: Allerdings ist f\u00fcr mich auch in Zeiten der Digitalisierung die Post immer noch ein wichtiger Faktor.<\/p>\n                            <p>Denn die Post ist Teil der \u00f6ffentlichen Daseinsvorsorge.<\/p>\n                            <p>Und deshalb setze ich mich daf\u00fcr ein, dass es auch in Zukunft ein wohnortnahes Angebot gibt &#8211; in allen drei Ortsteilen!<\/p>\n                          <\/div>\n                        <\/div>\n                        <div data-colibri-component=\"video\" data-colibri-id=\"1457-c23\" class=\"d-block h-video d-block h-video style-609 style-local-1457-c23 position-relative h-element\">\n                          <!---->\n                          <!---->\n                          <div class=\"video-container position-relative\">\n                            <div class=\"h-global-transition-all ratio-inner\"><video class='h-video-main' controls ><source src=https:\/\/carstensprung.de\/wp-content\/uploads\/2025\/07\/7-Nordkirchen-Post.mp4 type='video\/mp4' \/><\/video><\/div>\n                          <\/div>\n                        <\/div>\n                      <\/div>\n                    <\/div>\n                  <\/div>\n                  <div data-colibri-id=\"1457-c25\" class=\"h-accordion-item style-611 style-local-1457-c25 position-relative h-element\">\n                    <!---->\n                    <a data-open-by-default=\"false\" href=\"#1457-c25\" class=\"h-accordion-item-title d-flex align-items-center h-global-transition\">\n                      <!----><span>Folge 5 &#8211; F\u00fcr einen starken Mittelstand<\/span>\n                      <div class=\"h-accordion-item-title-normal-icon h-accordion-item-title-icon h-accordion-item-title-icon-right\"><span class=\"h-svg-icon\"><!--Icon by Icons8 Line Awesome (https:\/\/icons8.com\/line-awesome)--><svg version=\"1.1\" xmlns=\"http:\/\/www.w3.org\/2000\/svg\" xmlns:xlink=\"http:\/\/www.w3.org\/1999\/xlink\" id=\"plus\" viewBox=\"0 0 512 545.5\"><path d=\"M240 112h32v160h160v32H272v160h-32V304H80v-32h160V112z\"><\/path><\/svg><\/span><\/div>\n                      <div class=\"h-accordion-item-title-active-icon h-accordion-item-title-icon h-accordion-item-title-icon-right\"><span class=\"h-svg-icon\"><!--Icon by Icons8 Line Awesome (https:\/\/icons8.com\/line-awesome)--><svg version=\"1.1\" xmlns=\"http:\/\/www.w3.org\/2000\/svg\" xmlns:xlink=\"http:\/\/www.w3.org\/1999\/xlink\" id=\"minus\" viewBox=\"0 0 512 545.5\"><path d=\"M80 272h352v32H80v-32z\"><\/path><\/svg><\/span><\/div>\n                    <\/a>\n                    <div id=\"1457-c25\" class=\"h-accordion-item-content__container\">\n                      <div class=\"w-100 h-y-container h-accordion-item-content\">\n                        <!---->\n                        <div data-colibri-id=\"1457-c26\" class=\"h-text h-text-component style-612 style-local-1457-c26 position-relative h-element\">\n                          <!---->\n                          <!---->\n                          <div class=\"\">\n                            <p>Ein starker Mittelstand ist das R\u00fcckgrat gesunder Gemeindefinanzen!<\/p>\n                            <p>Deshalb setze ich mich f\u00fcr eine St\u00e4rkung unseres lokalen Mittelstandes ein.<\/p>\n                            <p>Dazu geh\u00f6rt:<\/p>\n                            <ul>\n                              <li>Ein klares Bekenntnis zu Wirtschaftswachstum. Ich finde es gut, wenn heimische Unternehmer\/-innen die Zukunft ihres Unternehmes in der Gemeinde Nordkirchen sehen. Deshalb werde ich sie bei ihren Wachstumspl\u00e4nen unterst\u00fctzen\n                                &#8211; auch, wenn es dabei zu unbequemen Entscheidungen kommen kann. Diese werde ich entsprechend moderieren.<\/li>\n                              <li>Einen Ausbau Wirtschaftsf\u00f6rderung, insbesondere bei Themen wie Digitalisierung und Innovation.<\/li>\n                              <li>Wo immer m\u00f6glich eine Reduzierung b\u00fcrokratischer Aufw\u00e4nde.<\/li>\n                            <\/ul>\n                            <p>\n                              <br>\n                            <\/p>\n                          <\/div>\n                        <\/div>\n                        <div data-colibri-component=\"video\" data-colibri-id=\"1457-c27\" class=\"d-block h-video d-block h-video style-613 style-local-1457-c27 position-relative h-element\">\n                          <!---->\n                          <!---->\n                          <div class=\"video-container position-relative\">\n                            <div class=\"h-global-transition-all ratio-inner\"><video class='h-video-main' controls ><source src=https:\/\/carstensprung.de\/wp-content\/uploads\/2025\/08\/6-Nordkirchen-Wirtschaft.mp4 type='video\/mp4' \/><\/video><\/div>\n                          <\/div>\n                        <\/div>\n                      <\/div>\n                    <\/div>\n                  <\/div>\n                <\/div>\n              <\/div>\n            <\/div>\n          <\/div>\n        <\/div>\n      <\/div>\n    <\/div>\n  <\/div>\n<\/div>","protected":false},"excerpt":{"rendered":"<p>(Da die Videos zur Kolumne &#8222;Nordkirchen ist auf dem Sprung&#8220; beim ersten Aufruf geladen werden, kann es je nach Internetverbindung einen kleinen Moment dauern, bis sie aufgerufen werden k\u00f6nnen. Danke f\u00fcr Ihre Geduld!) Folge 1 &#8211; Warum ich B\u00fcrgermeister werden will &#8222;Nordkirchen ist auf dem Sprung!&#8220; Seit 20 Jahren arbeite ich f\u00fcr ein internationales Unternehmen, [&hellip;]<\/p>\n","protected":false},"author":1,"featured_media":0,"parent":0,"menu_order":0,"comment_status":"closed","ping_status":"closed","template":"page-templates\/full-width-page.php","meta":{"footnotes":""},"class_list":["post-1457","page","type-page","status-publish","hentry"],"jetpack_sharing_enabled":true,"_links":{"self":[{"href":"https:\/\/carstensprung.de\/index.php?rest_route=\/wp\/v2\/pages\/1457","targetHints":{"allow":["GET"]}}],"collection":[{"href":"https:\/\/carstensprung.de\/index.php?rest_route=\/wp\/v2\/pages"}],"about":[{"href":"https:\/\/carstensprung.de\/index.php?rest_route=\/wp\/v2\/types\/page"}],"author":[{"embeddable":true,"href":"https:\/\/carstensprung.de\/index.php?rest_route=\/wp\/v2\/users\/1"}],"replies":[{"embeddable":true,"href":"https:\/\/carstensprung.de\/index.php?rest_route=%2Fwp%2Fv2%2Fcomments&post=1457"}],"version-history":[{"count":9,"href":"https:\/\/carstensprung.de\/index.php?rest_route=\/wp\/v2\/pages\/1457\/revisions"}],"predecessor-version":[{"id":1583,"href":"https:\/\/carstensprung.de\/index.php?rest_route=\/wp\/v2\/pages\/1457\/revisions\/1583"}],"wp:attachment":[{"href":"https:\/\/carstensprung.de\/index.php?rest_route=%2Fwp%2Fv2%2Fmedia&parent=1457"}],"curies":[{"name":"wp","href":"https:\/\/api.w.org\/{rel}","templated":true}]}}